{"id":21,"date":"2017-07-10T23:23:48","date_gmt":"2017-07-10T21:23:48","guid":{"rendered":"http:\/\/clemefinance.com\/?page_id=21"},"modified":"2023-01-09T22:55:14","modified_gmt":"2023-01-09T21:55:14","slug":"blog","status":"publish","type":"page","link":"https:\/\/clemefinance.com\/index.php\/blog\/","title":{"rendered":"A propos de"},"content":{"rendered":"<p style=\"text-align: center;\"><strong>Christel CLEME<\/strong><\/p>\n<p><img decoding=\"async\" loading=\"lazy\" class=\"size-medium wp-image-52 aligncenter\" src=\"http:\/\/clemefinance.com\/wp-content\/uploads\/2017\/07\/Photo-linkedin-231x300.jpg\" alt=\"\" width=\"231\" height=\"300\" srcset=\"https:\/\/clemefinance.com\/wp-content\/uploads\/2017\/07\/Photo-linkedin-231x300.jpg 231w, https:\/\/clemefinance.com\/wp-content\/uploads\/2017\/07\/Photo-linkedin-768x999.jpg 768w, https:\/\/clemefinance.com\/wp-content\/uploads\/2017\/07\/Photo-linkedin-787x1024.jpg 787w, https:\/\/clemefinance.com\/wp-content\/uploads\/2017\/07\/Photo-linkedin-624x812.jpg 624w\" sizes=\"(max-width: 231px) 100vw, 231px\" \/><\/p>\n<p style=\"text-align: center;\"><em>45 ans, Sciences Po Paris, <\/em><br \/>\n<em>membre titulaire de la Soci\u00e9t\u00e9 Fran\u00e7aise des Analystes Financiers,<\/em><br \/>\n<em>plus de vignt ann\u00e9es d\u2019exp\u00e9rience en analyse financi\u00e8re<\/em><\/p>\n<p style=\"text-align: center;\">Christel CLEME a d\u00e9but\u00e9 sa carri\u00e8re d\u2019analyste financier en 1998 au sein du cabinet D\u00e9troyat Associ\u00e9s en reprenant le suivi des secteurs BTP \/Utilities\/ Mat\u00e9riaux de construction. <span style=\"font-size: 1rem;\">Elle a ensuite r\u00e9alis\u00e9 des missions d\u2019expertise financi\u00e8re et \u00e9conomique pour le Groupe Alpha dans les secteurs Chimie\/ Pharmacie\/ Cosm\u00e9tique. En 2007, elle int\u00e8gre le groupe ARKEON en tant qu\u2019analyste financier dans le cadre d\u2019op\u00e9rations boursi\u00e8res sp\u00e9cifiques (IPO, OPA\u2026) et de suivi de contrats d\u2019animation et listing sponsor, puis en tant que g\u00e9rante de fonds FCPI\/ FIP. <\/span><span style=\"font-size: 1rem;\">Elle a cr\u00e9\u00e9 en avril 2016 sa soci\u00e9t\u00e9 de conseil et d\u2019analyse financi\u00e8re ind\u00e9pendante.<\/span><\/p>\n","protected":false},"excerpt":{"rendered":"<p>Christel CLEME 45 ans, Sciences Po Paris, membre titulaire de la Soci\u00e9t\u00e9 Fran\u00e7aise des Analystes Financiers, plus de vignt ann\u00e9es d\u2019exp\u00e9rience en analyse financi\u00e8re Christel CLEME a d\u00e9but\u00e9 sa carri\u00e8re d\u2019analyste financier en 1998 au sein du cabinet D\u00e9troyat Associ\u00e9s en reprenant le suivi des secteurs BTP \/Utilities\/ Mat\u00e9riaux de construction. Elle a ensuite r\u00e9alis\u00e9 [&hellip;]<\/p>\n","protected":false},"author":1,"featured_media":0,"parent":0,"menu_order":2,"comment_status":"closed","ping_status":"closed","template":"","meta":[],"_links":{"self":[{"href":"https:\/\/clemefinance.com\/index.php\/wp-json\/wp\/v2\/pages\/21"}],"collection":[{"href":"https:\/\/clemefinance.com\/index.php\/wp-json\/wp\/v2\/pages"}],"about":[{"href":"https:\/\/clemefinance.com\/index.php\/wp-json\/wp\/v2\/types\/page"}],"author":[{"embeddable":true,"href":"https:\/\/clemefinance.com\/index.php\/wp-json\/wp\/v2\/users\/1"}],"replies":[{"embeddable":true,"href":"https:\/\/clemefinance.com\/index.php\/wp-json\/wp\/v2\/comments?post=21"}],"version-history":[{"count":7,"href":"https:\/\/clemefinance.com\/index.php\/wp-json\/wp\/v2\/pages\/21\/revisions"}],"predecessor-version":[{"id":162,"href":"https:\/\/clemefinance.com\/index.php\/wp-json\/wp\/v2\/pages\/21\/revisions\/162"}],"wp:attachment":[{"href":"https:\/\/clemefinance.com\/index.php\/wp-json\/wp\/v2\/media?parent=21"}],"curies":[{"name":"wp","href":"https:\/\/api.w.org\/{rel}","templated":true}]}}