{"id":18,"date":"2017-07-10T23:23:48","date_gmt":"2017-07-10T21:23:48","guid":{"rendered":"http:\/\/clemefinance.com\/?page_id=18"},"modified":"2023-01-09T22:53:06","modified_gmt":"2023-01-09T21:53:06","slug":"accueil","status":"publish","type":"page","link":"https:\/\/clemefinance.com\/","title":{"rendered":"ACCUEIL"},"content":{"rendered":"<p style=\"text-align: left;\">Cr\u00e9\u00e9e en 2016, la soci\u00e9t\u00e9 <strong>CLEME FINANCE<\/strong> est sp\u00e9cialis\u00e9e dans la prestation de conseil et d\u2019analyse financi\u00e8re avec plusieurs domaines d\u2019intervention :<br \/>\n&#8211; Analyse financi\u00e8re dans le cadre d\u2019introduction en bourse<br \/>\n&#8211; Evaluation d\u2019entreprises<br \/>\n&#8211; Suivi de soci\u00e9t\u00e9s cot\u00e9es<br \/>\n&#8211; R\u00e9alisation de comptes pr\u00e9visionnels<br \/>\n&#8211; Conseil sur le respect des obligations en mati\u00e8re de cotation boursi\u00e8re<br \/>\n&#8211; R\u00e9daction de m\u00e9morandum d\u2019information pour des lev\u00e9es de fonds priv\u00e9s ou de prospectus dans le cadre d\u2019introduction en bourse<br \/>\n&#8211; Analyse financi\u00e8re dans lors de missions d\u2019expertise pour les Comit\u00e9s Sociaux et Economiques (CSE)<\/p>\n<p style=\"text-align: left;\">La Soci\u00e9t\u00e9 b\u00e9n\u00e9ficie de l&#8217;exp\u00e9rience de sa fondatrice, Christel CLEME, membre de la SFAF et de sa commission \u00ab Evaluation \u00bb.<br \/>\nCLEME FINANCE est membre de la Soci\u00e9t\u00e9 Fran\u00e7aise des Evaluateurs (SFEV)<\/p>\n<p><img decoding=\"async\" loading=\"lazy\" class=\"alignnone  wp-image-112\" src=\"http:\/\/clemefinance.com\/wp-content\/uploads\/2018\/07\/SFAF.png\" alt=\"\" width=\"168\" height=\"105\" \/><img decoding=\"async\" loading=\"lazy\" class=\"alignnone  wp-image-113 alignleft\" src=\"http:\/\/clemefinance.com\/wp-content\/uploads\/2018\/07\/SFEV.png\" alt=\"\" width=\"185\" height=\"89\" \/><\/p>\n","protected":false},"excerpt":{"rendered":"<p>Cr\u00e9\u00e9e en 2016, la soci\u00e9t\u00e9 CLEME FINANCE est sp\u00e9cialis\u00e9e dans la prestation de conseil et d\u2019analyse financi\u00e8re avec plusieurs domaines d\u2019intervention : &#8211; Analyse financi\u00e8re dans le cadre d\u2019introduction en bourse &#8211; Evaluation d\u2019entreprises &#8211; Suivi de soci\u00e9t\u00e9s cot\u00e9es &#8211; R\u00e9alisation de comptes pr\u00e9visionnels &#8211; Conseil sur le respect des obligations en mati\u00e8re de cotation [&hellip;]<\/p>\n","protected":false},"author":1,"featured_media":0,"parent":0,"menu_order":1,"comment_status":"closed","ping_status":"closed","template":"","meta":[],"_links":{"self":[{"href":"https:\/\/clemefinance.com\/index.php\/wp-json\/wp\/v2\/pages\/18"}],"collection":[{"href":"https:\/\/clemefinance.com\/index.php\/wp-json\/wp\/v2\/pages"}],"about":[{"href":"https:\/\/clemefinance.com\/index.php\/wp-json\/wp\/v2\/types\/page"}],"author":[{"embeddable":true,"href":"https:\/\/clemefinance.com\/index.php\/wp-json\/wp\/v2\/users\/1"}],"replies":[{"embeddable":true,"href":"https:\/\/clemefinance.com\/index.php\/wp-json\/wp\/v2\/comments?post=18"}],"version-history":[{"count":10,"href":"https:\/\/clemefinance.com\/index.php\/wp-json\/wp\/v2\/pages\/18\/revisions"}],"predecessor-version":[{"id":160,"href":"https:\/\/clemefinance.com\/index.php\/wp-json\/wp\/v2\/pages\/18\/revisions\/160"}],"wp:attachment":[{"href":"https:\/\/clemefinance.com\/index.php\/wp-json\/wp\/v2\/media?parent=18"}],"curies":[{"name":"wp","href":"https:\/\/api.w.org\/{rel}","templated":true}]}}